{"id":18,"date":"2025-11-09T18:14:01","date_gmt":"2025-11-09T18:14:01","guid":{"rendered":"https:\/\/merzigerumzug.de\/wordpress\/?page_id=18"},"modified":"2025-11-15T08:42:42","modified_gmt":"2025-11-15T08:42:42","slug":"impressum","status":"publish","type":"page","link":"https:\/\/merzigerumzug.de\/index.php\/impressum\/","title":{"rendered":"Impressum"},"content":{"rendered":"<p><b>MKU Freundeskreis Merziger Kinderumzug e.V.<\/b><b><\/b><\/p>\n<p>(nicht eingetragener Verein)<\/p>\n<p><b>Vertreten durch:<\/b><b><\/b><\/p>\n<p>Timo Hess<\/p>\n<p><b>Anschrift:<\/b><b><\/b><\/p>\n<p>Claus-von-Stauffenberg-Str. 14<\/p>\n<p>66663 Merzig<\/p>\n<p>Deutschland<\/p>\n<p><b>Kontakt:<\/b><b><\/b><\/p>\n<p>E-Mail: <b>ov-merzig@merzig.de<\/b><b><\/b><\/p>\n<p><b>Inhaltlich Verantwortlicher gem\u00e4\u00df \u00a7 18 Abs. 2 MStV:<\/b><b><\/b><\/p>\n<p>Timo Hess, Claus-von-Stauffenberg-Str. 14, 66663 Merzig<\/p>\n<p><b>Haftung f\u00fcr Inhalte<\/b><b><\/b><\/p>\n<p>Als Diensteanbieter sind wir gem\u00e4\u00df \u00a7 7 Abs. 1 TMG f\u00fcr eigene Inhalte auf diesen Seiten nach den allgemeinen Gesetzen verantwortlich. F\u00fcr Richtigkeit, Vollst\u00e4ndigkeit und Aktualit\u00e4t der Inhalte \u00fcbernehmen wir jedoch keine Gew\u00e4hr. Nach \u00a7\u00a7 8 bis 10 TMG sind wir nicht verpflichtet, \u00fcbermittelte oder gespeicherte fremde Informationen zu \u00fcberwachen oder nach Umst\u00e4nden zu forschen, die auf eine rechtswidrige T\u00e4tigkeit hinweisen.<\/p>\n<p><b>Haftung f\u00fcr Links<\/b><b><\/b><\/p>\n<p>Unser Angebot enth\u00e4lt Links zu externen Webseiten Dritter, auf deren Inhalte wir keinen Einfluss haben. F\u00fcr die Inhalte der verlinkten Seiten ist stets der jeweilige Anbieter oder Betreiber der Seiten verantwortlich.<\/p>\n<p><b>Urheberrecht<\/b><b><\/b><\/p>\n<p>Die durch den Verein erstellten Inhalte und Werke auf diesen Seiten unterliegen dem deutschen Urheberrecht. Eine Vervielf\u00e4ltigung au\u00dferhalb der Grenzen des Urheberrechts ist ohne Zustimmung nicht gestattet.<\/p>\n","protected":false},"excerpt":{"rendered":"<p>MKU Freundeskreis Merziger Kinderumzug e.V. (nicht eingetragener Verein) Vertreten durch: Timo Hess Anschrift: Claus-von-Stauffenberg-Str. 14 66663 Merzig Deutschland Kontakt: E-Mail: ov-merzig@merzig.de Inhaltlich Verantwortlicher gem\u00e4\u00df \u00a7 18 Abs. 2 MStV: Timo Hess, Claus-von-Stauffenberg-Str. 14, 66663 Merzig Haftung f\u00fcr Inhalte Als Diensteanbieter sind wir gem\u00e4\u00df \u00a7 7 Abs. 1 TMG f\u00fcr eigene Inhalte auf diesen Seiten nach [&hellip;]<\/p>\n","protected":false},"author":1,"featured_media":0,"parent":0,"menu_order":0,"comment_status":"closed","ping_status":"closed","template":"","meta":{"footnotes":""},"class_list":["post-18","page","type-page","status-publish","hentry"],"_links":{"self":[{"href":"https:\/\/merzigerumzug.de\/index.php\/wp-json\/wp\/v2\/pages\/18","targetHints":{"allow":["GET"]}}],"collection":[{"href":"https:\/\/merzigerumzug.de\/index.php\/wp-json\/wp\/v2\/pages"}],"about":[{"href":"https:\/\/merzigerumzug.de\/index.php\/wp-json\/wp\/v2\/types\/page"}],"author":[{"embeddable":true,"href":"https:\/\/merzigerumzug.de\/index.php\/wp-json\/wp\/v2\/users\/1"}],"replies":[{"embeddable":true,"href":"https:\/\/merzigerumzug.de\/index.php\/wp-json\/wp\/v2\/comments?post=18"}],"version-history":[{"count":3,"href":"https:\/\/merzigerumzug.de\/index.php\/wp-json\/wp\/v2\/pages\/18\/revisions"}],"predecessor-version":[{"id":25,"href":"https:\/\/merzigerumzug.de\/index.php\/wp-json\/wp\/v2\/pages\/18\/revisions\/25"}],"wp:attachment":[{"href":"https:\/\/merzigerumzug.de\/index.php\/wp-json\/wp\/v2\/media?parent=18"}],"curies":[{"name":"wp","href":"https:\/\/api.w.org\/{rel}","templated":true}]}}